{"id":97,"date":"2025-03-22T19:38:54","date_gmt":"2025-03-22T18:38:54","guid":{"rendered":"https:\/\/yaracreatyque.fr\/?page_id=97"},"modified":"2026-01-19T20:43:24","modified_gmt":"2026-01-19T19:43:24","slug":"me-contacter","status":"publish","type":"page","link":"https:\/\/yaracreatyque.fr\/?page_id=97","title":{"rendered":"Me contacter"},"content":{"rendered":"\n<div style=\"height:33px\" aria-hidden=\"true\" class=\"wp-block-spacer\"><\/div>\n\n\n\n<p class=\"has-text-align-center wp-block-paragraph\">Pour toute question, partage ou proposition, vous pouvez <strong>me contacter via ces diff\u00e9rents formulaires<\/strong> selon leurs sp\u00e9cificit\u00e9s. Je vous r\u00e9pondrai avec attention et bienveillance, dans le respect de notre rythme et de l\u2019espace partag\u00e9.<\/p>\n\n\n\n<div style=\"height:33px\" aria-hidden=\"true\" class=\"wp-block-spacer\"><\/div>\n\n\n\n<div class=\"wp-block-group alignfull is-style-section-3 fullwidth is-layout-flow wp-block-group-is-layout-flow is-style-section-3--1\" style=\"margin-top:0;margin-bottom:0\"><\/div>\n\n\n\n<p class=\"has-text-align-center wp-block-paragraph\">Une question, un souci avec ton abonnement ou une ressource ?<br>Je suis l\u00e0 pour t\u2019accompagner. <\/p>\n\n\n\n<p class=\"has-text-align-center wp-block-paragraph\">Tu peux me contacter par mail ou directement via le formulaire ci-dessous.<\/p>\n\n\n\n<div style=\"height:33px\" aria-hidden=\"true\" class=\"wp-block-spacer\"><\/div>\n\n\n<div class=\"is-default-size wp-block-site-logo\"><a href=\"https:\/\/yaracreatyque.fr\/\" class=\"custom-logo-link\" rel=\"home\"><img loading=\"lazy\" decoding=\"async\" width=\"760\" height=\"100\" src=\"https:\/\/i0.wp.com\/yaracreatyque.fr\/wp-content\/uploads\/2025\/04\/cropped-logo-yara-creatyque.png?fit=760%2C100&amp;ssl=1\" class=\"custom-logo\" alt=\"Yara Creatyque\" srcset=\"https:\/\/i0.wp.com\/yaracreatyque.fr\/wp-content\/uploads\/2025\/04\/cropped-logo-yara-creatyque.png?w=760&amp;ssl=1 760w, https:\/\/i0.wp.com\/yaracreatyque.fr\/wp-content\/uploads\/2025\/04\/cropped-logo-yara-creatyque.png?resize=300%2C39&amp;ssl=1 300w, https:\/\/i0.wp.com\/yaracreatyque.fr\/wp-content\/uploads\/2025\/04\/cropped-logo-yara-creatyque.png?resize=18%2C2&amp;ssl=1 18w, https:\/\/i0.wp.com\/yaracreatyque.fr\/wp-content\/uploads\/2025\/04\/cropped-logo-yara-creatyque.png?resize=600%2C79&amp;ssl=1 600w\" sizes=\"auto, (max-width: 760px) 100vw, 760px\" data-attachment-id=\"1530\" data-permalink=\"https:\/\/yaracreatyque.fr\/?attachment_id=1530\" data-orig-file=\"https:\/\/i0.wp.com\/yaracreatyque.fr\/wp-content\/uploads\/2025\/04\/cropped-logo-yara-creatyque.png?fit=760%2C100&amp;ssl=1\" data-orig-size=\"760,100\" data-comments-opened=\"1\" data-image-meta=\"{&quot;aperture&quot;:&quot;0&quot;,&quot;credit&quot;:&quot;&quot;,&quot;camera&quot;:&quot;&quot;,&quot;caption&quot;:&quot;&quot;,&quot;created_timestamp&quot;:&quot;0&quot;,&quot;copyright&quot;:&quot;&quot;,&quot;focal_length&quot;:&quot;0&quot;,&quot;iso&quot;:&quot;0&quot;,&quot;shutter_speed&quot;:&quot;0&quot;,&quot;title&quot;:&quot;&quot;,&quot;orientation&quot;:&quot;0&quot;}\" data-image-title=\"cropped-logo-yara-creatyque.png\" data-image-description=\"&lt;p&gt;https:\/\/yaracreatyque.fr\/wp-content\/uploads\/2025\/04\/cropped-logo-yara-creatyque.png&lt;\/p&gt;\n\" data-image-caption=\"\" data-large-file=\"https:\/\/i0.wp.com\/yaracreatyque.fr\/wp-content\/uploads\/2025\/04\/cropped-logo-yara-creatyque.png?fit=760%2C100&amp;ssl=1\" \/><\/a><\/div>\n\n<div class=\"wp-block-post-author\"><div class=\"wp-block-post-author__avatar\"><img alt='' src='https:\/\/secure.gravatar.com\/avatar\/efd2cac8022c1412d4c307ac3673692a775ca432d7ec66f29449f6befb6dc021?s=96&#038;d=identicon&#038;r=g' srcset='https:\/\/secure.gravatar.com\/avatar\/efd2cac8022c1412d4c307ac3673692a775ca432d7ec66f29449f6befb6dc021?s=192&#038;d=identicon&#038;r=g 2x' class='avatar avatar-96 photo' height='96' width='96' \/><\/div><div class=\"wp-block-post-author__content\"><p class=\"wp-block-post-author__byline\">Cr\u00e9er pour se r\u00e9v\u00e9ler<\/p><p class=\"wp-block-post-author__name\"><a href=\"https:\/\/yaracreatyque.fr\/?author=263724410\" target=\"_blank\">Yara<\/a><\/p><p class=\"wp-block-post-author__bio\">Artiste d&rsquo;illustrations g\u00e9om\u00e9triques et auteure de livres auto-\u00e9dit\u00e9s<\/p><\/div><\/div>\n\n\n<p class=\"wp-block-paragraph\">Mon mail : yara@yaracreatyque.fr<\/p>\n\n\n\n<div style=\"height:100px\" aria-hidden=\"true\" class=\"wp-block-spacer\"><\/div>\n\n\n\n<h2 class=\"wp-block-heading has-text-align-center\">un atelier cr\u00e9atif \u00e0 organiser ensemble ?<\/h2>\n\n\n\n<div style=\"height:55px\" aria-hidden=\"true\" class=\"wp-block-spacer\"><\/div>\n\n\n\n<p class=\"wp-block-paragraph\">Vous pouvez me contacter par mail \u00e0 <strong>yara@yaracreatyque.fr<\/strong> ou via le formulaire ci-apr\u00e8s : <\/p>\n\n\n\n<p class=\"has-text-align-center has-custom-color-10-color has-text-color has-link-color wp-elements-258528063e07b44aa787ed59f6ca48ca wp-block-paragraph\"><em>Merci de compl\u00e9ter les informations ci-dessous :<\/em><\/p>\n\n\n<div class=\"wp-block-jetpack-contact-form is-layout-flex wp-container-jetpack-contact-form-is-layout-1a653187 wp-block-jetpack-contact-form-is-layout-flex\"><a href=\"https:\/\/yaracreatyque.fr\/?page_id=97\" target=\"_blank\" rel=\"noopener noreferrer\">Soumettre un formulaire.<\/a><\/div>\n\n\n<div style=\"height:100px\" aria-hidden=\"true\" class=\"wp-block-spacer\"><\/div>\n\n\n<div class=\"logged-out wp-block-loginout\"><a rel=\"nofollow\" href=\"https:\/\/yaracreatyque.fr\/wp-login.php?redirect_to=https%3A%2F%2Fyaracreatyque.fr%2Findex.php%3Frest_route%3D%252Fwp%252Fv2%252Fpages%252F97\">Connexion<\/a><\/div>\n\n<div class=\"wp-block-avatar\"><img alt='Avatar de Yara' src='https:\/\/secure.gravatar.com\/avatar\/efd2cac8022c1412d4c307ac3673692a775ca432d7ec66f29449f6befb6dc021?s=96&#038;d=identicon&#038;r=g' srcset='https:\/\/secure.gravatar.com\/avatar\/efd2cac8022c1412d4c307ac3673692a775ca432d7ec66f29449f6befb6dc021?s=192&#038;d=identicon&#038;r=g 2x' class='avatar avatar-96 photo wp-block-avatar__image' height='96' width='96' \/><\/div>\n\n\n<div style=\"height:60px\" aria-hidden=\"true\" class=\"wp-block-spacer\"><\/div>\n\n\n\n<p class=\"has-theme-4-color has-text-color has-link-color wp-elements-0a4ab9a3a70e1ad84031461533f7352d wp-block-paragraph\" style=\"letter-spacing:5px\">Formulaire d&rsquo;inscription au site :<\/p>\n\n\n<div class=\"wp-block-jetpack-contact-form is-layout-flex wp-container-jetpack-contact-form-is-layout-75ca56fc wp-block-jetpack-contact-form-is-layout-flex\"><a href=\"https:\/\/yaracreatyque.fr\/?page_id=97\" target=\"_blank\" rel=\"noopener noreferrer\">Soumettre un formulaire.<\/a><\/div>\n\n\n<div style=\"height:100px\" aria-hidden=\"true\" class=\"wp-block-spacer\"><\/div>\n\n\n\n<h2 class=\"wp-block-heading has-text-align-center\"><strong>Me contacter directement :<\/strong><\/h2>\n\n\n<div class=\"wp-block-jetpack-contact-form is-layout-flex wp-container-jetpack-contact-form-is-layout-75ca56fc wp-block-jetpack-contact-form-is-layout-flex\"><a href=\"https:\/\/yaracreatyque.fr\/?page_id=97\" target=\"_blank\" rel=\"noopener noreferrer\">Soumettre un formulaire.<\/a><\/div>\n\n\n<div style=\"height:100px\" aria-hidden=\"true\" class=\"wp-block-spacer\"><\/div>\n\n\n\n<p class=\"has-text-align-center wp-block-paragraph\">En envoyant vos informations, vous nous autorisez \u00e0 vous envoyer des e-mails. Vous pouvez vous d\u00e9sabonner \u00e0 tout moment.<\/p>\n\n\n\n<div style=\"height:100px\" aria-hidden=\"true\" class=\"wp-block-spacer\"><\/div>\n\n\n\n<h2 class=\"wp-block-heading\">Visiter les pages :<\/h2>\n\n\n\n<figure class=\"wp-block-image size-large\"><a href=\"https:\/\/yaracreatyque.fr\/?page_id=1505\"><img data-recalc-dims=\"1\" loading=\"lazy\" decoding=\"async\" width=\"1024\" height=\"536\" data-attachment-id=\"1894\" data-permalink=\"https:\/\/yaracreatyque.fr\/?attachment_id=1894\" data-orig-file=\"https:\/\/i0.wp.com\/yaracreatyque.fr\/wp-content\/uploads\/2025\/04\/remboursements-et-retours-yara-creatyque.jpg?fit=1200%2C628&amp;ssl=1\" data-orig-size=\"1200,628\" data-comments-opened=\"1\" data-image-meta=\"{&quot;aperture&quot;:&quot;0&quot;,&quot;credit&quot;:&quot;&quot;,&quot;camera&quot;:&quot;&quot;,&quot;caption&quot;:&quot;&quot;,&quot;created_timestamp&quot;:&quot;0&quot;,&quot;copyright&quot;:&quot;&quot;,&quot;focal_length&quot;:&quot;0&quot;,&quot;iso&quot;:&quot;0&quot;,&quot;shutter_speed&quot;:&quot;0&quot;,&quot;title&quot;:&quot;&quot;,&quot;orientation&quot;:&quot;1&quot;}\" data-image-title=\"rRemboursements et retours \u2013 Yara Creatyque\" data-image-description=\"&lt;p&gt;femme \u00e0 genoux tendant une bourse avec des symboles de justice et de communication illustrant  la page \u201cRemboursements &amp;#038; retours\u201d du site Yara Creatyque, dans un esprit de transparence, de respect et de fluidit\u00e9.&lt;\/p&gt;\n\" data-image-caption=\"&lt;p&gt;Parce que parfois, le bon choix est de revenir en arri\u00e8re.&lt;\/p&gt;\n\" data-large-file=\"https:\/\/i0.wp.com\/yaracreatyque.fr\/wp-content\/uploads\/2025\/04\/remboursements-et-retours-yara-creatyque.jpg?fit=1024%2C536&amp;ssl=1\" src=\"https:\/\/i0.wp.com\/yaracreatyque.fr\/wp-content\/uploads\/2025\/04\/remboursements-et-retours-yara-creatyque.jpg?resize=1024%2C536&#038;ssl=1\" alt=\"femme \u00e0 genoux tendant une bourse avec des symboles de justice et de communication illustrant la politique de remboursements et retours Yara Creatyque.\" class=\"wp-image-1894\" srcset=\"https:\/\/i0.wp.com\/yaracreatyque.fr\/wp-content\/uploads\/2025\/04\/remboursements-et-retours-yara-creatyque.jpg?resize=1024%2C536&amp;ssl=1 1024w, https:\/\/i0.wp.com\/yaracreatyque.fr\/wp-content\/uploads\/2025\/04\/remboursements-et-retours-yara-creatyque.jpg?resize=300%2C157&amp;ssl=1 300w, https:\/\/i0.wp.com\/yaracreatyque.fr\/wp-content\/uploads\/2025\/04\/remboursements-et-retours-yara-creatyque.jpg?resize=768%2C402&amp;ssl=1 768w, https:\/\/i0.wp.com\/yaracreatyque.fr\/wp-content\/uploads\/2025\/04\/remboursements-et-retours-yara-creatyque.jpg?resize=18%2C9&amp;ssl=1 18w, https:\/\/i0.wp.com\/yaracreatyque.fr\/wp-content\/uploads\/2025\/04\/remboursements-et-retours-yara-creatyque.jpg?resize=600%2C314&amp;ssl=1 600w, https:\/\/i0.wp.com\/yaracreatyque.fr\/wp-content\/uploads\/2025\/04\/remboursements-et-retours-yara-creatyque.jpg?w=1200&amp;ssl=1 1200w\" sizes=\"auto, (max-width: 1000px) 100vw, 1000px\" \/><\/a><figcaption class=\"wp-element-caption\">Parce que parfois, le bon choix est de revenir en arri\u00e8re.<\/figcaption><\/figure>\n\n\n\n<figure class=\"wp-block-image size-large\"><a href=\"https:\/\/yaracreatyque.fr\/?page_id=187\"><img data-recalc-dims=\"1\" loading=\"lazy\" decoding=\"async\" width=\"1024\" height=\"536\" data-attachment-id=\"1823\" data-permalink=\"https:\/\/yaracreatyque.fr\/?attachment_id=1823\" data-orig-file=\"https:\/\/i0.wp.com\/yaracreatyque.fr\/wp-content\/uploads\/2025\/04\/conditions-generales-site-yara-creatyque.jpg?fit=1200%2C628&amp;ssl=1\" data-orig-size=\"1200,628\" data-comments-opened=\"1\" data-image-meta=\"{&quot;aperture&quot;:&quot;0&quot;,&quot;credit&quot;:&quot;&quot;,&quot;camera&quot;:&quot;&quot;,&quot;caption&quot;:&quot;&quot;,&quot;created_timestamp&quot;:&quot;0&quot;,&quot;copyright&quot;:&quot;&quot;,&quot;focal_length&quot;:&quot;0&quot;,&quot;iso&quot;:&quot;0&quot;,&quot;shutter_speed&quot;:&quot;0&quot;,&quot;title&quot;:&quot;&quot;,&quot;orientation&quot;:&quot;1&quot;}\" data-image-title=\"cConditions g\u00e9n\u00e9rales d\u2019utilisation \u2013 Yara Creatyque\" data-image-description=\"&lt;p&gt;Illustration repr\u00e9sentant  une femme avec une balance repr\u00e9sentant le juste et la loi et \u00e9voquant l\u2019\u00e9thique, la transparence et l\u2019engagement. Ce visuel accompagne la page des conditions g\u00e9n\u00e9rales d\u2019utilisation du site Yara Creatyque, dans un esprit d\u2019honn\u00eatet\u00e9 et de clart\u00e9.&lt;\/p&gt;\n\" data-image-caption=\"&lt;p&gt;Pour que la confiance soit pos\u00e9e en conscience.&lt;\/p&gt;\n\" data-large-file=\"https:\/\/i0.wp.com\/yaracreatyque.fr\/wp-content\/uploads\/2025\/04\/conditions-generales-site-yara-creatyque.jpg?fit=1024%2C536&amp;ssl=1\" src=\"https:\/\/i0.wp.com\/yaracreatyque.fr\/wp-content\/uploads\/2025\/04\/conditions-generales-site-yara-creatyque.jpg?resize=1024%2C536&#038;ssl=1\" alt=\"repr\u00e9sentation d'une femme avec une balance repr\u00e9sentant le juste et la loi \u2013 Conditions g\u00e9n\u00e9rales Yara Creatyque\" class=\"wp-image-1823\" srcset=\"https:\/\/i0.wp.com\/yaracreatyque.fr\/wp-content\/uploads\/2025\/04\/conditions-generales-site-yara-creatyque.jpg?resize=1024%2C536&amp;ssl=1 1024w, https:\/\/i0.wp.com\/yaracreatyque.fr\/wp-content\/uploads\/2025\/04\/conditions-generales-site-yara-creatyque.jpg?resize=300%2C157&amp;ssl=1 300w, https:\/\/i0.wp.com\/yaracreatyque.fr\/wp-content\/uploads\/2025\/04\/conditions-generales-site-yara-creatyque.jpg?resize=768%2C402&amp;ssl=1 768w, https:\/\/i0.wp.com\/yaracreatyque.fr\/wp-content\/uploads\/2025\/04\/conditions-generales-site-yara-creatyque.jpg?resize=18%2C9&amp;ssl=1 18w, https:\/\/i0.wp.com\/yaracreatyque.fr\/wp-content\/uploads\/2025\/04\/conditions-generales-site-yara-creatyque.jpg?resize=600%2C314&amp;ssl=1 600w, https:\/\/i0.wp.com\/yaracreatyque.fr\/wp-content\/uploads\/2025\/04\/conditions-generales-site-yara-creatyque.jpg?w=1200&amp;ssl=1 1200w\" sizes=\"auto, (max-width: 1000px) 100vw, 1000px\" \/><\/a><figcaption class=\"wp-element-caption\">Pour que la confiance soit pos\u00e9e en conscience.<\/figcaption><\/figure>\n\n\n","protected":false},"excerpt":{"rendered":"<p>Prenez contact avec Yara Cr\u00e9atyque<\/p>\n<p>Que vous ayez des questions sur mes cr\u00e9ations, que vous souhaitiez en savoir plus sur un produit, ou que vous soyez int\u00e9ress\u00e9 par une collaboration, n\u2019h\u00e9sitez pas \u00e0 me contacter. Je serai ravie de r\u00e9pondre \u00e0 vos demandes et de partager mon univers artistique avec vous.<\/p>\n<p>Vous pouvez me joindre facilement via le formulaire ci-dessous ou par les autres moyens de contact mentionn\u00e9s. Chaque message est pr\u00e9cieux et j&rsquo;accorde une grande attention \u00e0 vos retours.<\/p>\n<p>Merci de votre int\u00e9r\u00eat et \u00e0 bient\u00f4t !<\/p>\n","protected":false},"author":263724410,"featured_media":1839,"parent":0,"menu_order":7,"comment_status":"closed","ping_status":"closed","template":"","meta":{"_crdt_document":"","footnotes":""},"class_list":["post-97","page","type-page","status-publish","has-post-thumbnail","hentry"],"yoast_head":"<!-- This site is optimized with the Yoast SEO plugin v27.4 - https:\/\/yoast.com\/product\/yoast-seo-wordpress\/ -->\n<title>Me contacter - Entrer en lien avec Yara Creatyque - Je suis \u00e0 votre \u00e9coute<\/title>\n<meta name=\"description\" content=\"Me contacter pour une question, un retour, une collaboration ? Retrouvez ici un formulaire simple et bienveillant ou mon mail directement.\" \/>\n<meta name=\"robots\" content=\"index, follow, max-snippet:-1, max-image-preview:large, max-video-preview:-1\" \/>\n<link rel=\"canonical\" href=\"https:\/\/yaracreatyque.fr\/?page_id=97\" \/>\n<meta property=\"og:locale\" content=\"fr_FR\" \/>\n<meta property=\"og:type\" content=\"article\" \/>\n<meta property=\"og:title\" content=\"Me contacter - Entrer en lien avec Yara Creatyque - Je suis \u00e0 votre \u00e9coute\" \/>\n<meta property=\"og:description\" content=\"Me contacter pour une question, un retour, une collaboration ? Retrouvez ici un formulaire simple et bienveillant ou mon mail directement.\" \/>\n<meta property=\"og:url\" content=\"https:\/\/yaracreatyque.fr\/?page_id=97\" \/>\n<meta property=\"og:site_name\" content=\"Yara Creatyque\" \/>\n<meta property=\"article:modified_time\" content=\"2026-01-19T19:43:24+00:00\" \/>\n<meta property=\"og:image\" content=\"https:\/\/yaracreatyque.fr\/wp-content\/uploads\/2025\/04\/contacter-yara-creatyque.jpg\" \/>\n\t<meta property=\"og:image:width\" content=\"1200\" \/>\n\t<meta property=\"og:image:height\" content=\"628\" \/>\n\t<meta property=\"og:image:type\" content=\"image\/jpeg\" \/>\n<meta name=\"twitter:card\" content=\"summary_large_image\" \/>\n<meta name=\"twitter:label1\" content=\"Dur\u00e9e de lecture estim\u00e9e\" \/>\n\t<meta name=\"twitter:data1\" content=\"2 minutes\" \/>\n<script type=\"application\/ld+json\" class=\"yoast-schema-graph\">{\"@context\":\"https:\\\/\\\/schema.org\",\"@graph\":[{\"@type\":\"WebPage\",\"@id\":\"https:\\\/\\\/yaracreatyque.fr\\\/?page_id=97\",\"url\":\"https:\\\/\\\/yaracreatyque.fr\\\/?page_id=97\",\"name\":\"Me contacter - Entrer en lien avec Yara Creatyque - Je suis \u00e0 votre \u00e9coute\",\"isPartOf\":{\"@id\":\"https:\\\/\\\/yaracreatyque.fr\\\/#website\"},\"primaryImageOfPage\":{\"@id\":\"https:\\\/\\\/yaracreatyque.fr\\\/?page_id=97#primaryimage\"},\"image\":{\"@id\":\"https:\\\/\\\/yaracreatyque.fr\\\/?page_id=97#primaryimage\"},\"thumbnailUrl\":\"https:\\\/\\\/i0.wp.com\\\/yaracreatyque.fr\\\/wp-content\\\/uploads\\\/2025\\\/04\\\/contacter-yara-creatyque.jpg?fit=1200%2C628&ssl=1\",\"datePublished\":\"2025-03-22T18:38:54+00:00\",\"dateModified\":\"2026-01-19T19:43:24+00:00\",\"description\":\"Me contacter pour une question, un retour, une collaboration ? Retrouvez ici un formulaire simple et bienveillant ou mon mail directement.\",\"breadcrumb\":{\"@id\":\"https:\\\/\\\/yaracreatyque.fr\\\/?page_id=97#breadcrumb\"},\"inLanguage\":\"fr-FR\",\"potentialAction\":[{\"@type\":\"ReadAction\",\"target\":[\"https:\\\/\\\/yaracreatyque.fr\\\/?page_id=97\"]}]},{\"@type\":\"ImageObject\",\"inLanguage\":\"fr-FR\",\"@id\":\"https:\\\/\\\/yaracreatyque.fr\\\/?page_id=97#primaryimage\",\"url\":\"https:\\\/\\\/i0.wp.com\\\/yaracreatyque.fr\\\/wp-content\\\/uploads\\\/2025\\\/04\\\/contacter-yara-creatyque.jpg?fit=1200%2C628&ssl=1\",\"contentUrl\":\"https:\\\/\\\/i0.wp.com\\\/yaracreatyque.fr\\\/wp-content\\\/uploads\\\/2025\\\/04\\\/contacter-yara-creatyque.jpg?fit=1200%2C628&ssl=1\",\"width\":1200,\"height\":628,\"caption\":\"Une pr\u00e9sence ouverte pour entrer en lien.\"},{\"@type\":\"BreadcrumbList\",\"@id\":\"https:\\\/\\\/yaracreatyque.fr\\\/?page_id=97#breadcrumb\",\"itemListElement\":[{\"@type\":\"ListItem\",\"position\":1,\"name\":\"Accueil\",\"item\":\"https:\\\/\\\/yaracreatyque.fr\\\/\"},{\"@type\":\"ListItem\",\"position\":2,\"name\":\"Me contacter\"}]},{\"@type\":\"WebSite\",\"@id\":\"https:\\\/\\\/yaracreatyque.fr\\\/#website\",\"url\":\"https:\\\/\\\/yaracreatyque.fr\\\/\",\"name\":\"Yara Creatyque\",\"description\":\"Explorez l&#039;art du coloriage g\u00e9om\u00e9trique et introspectif \u00e0 travers un espace d\u00e9di\u00e9 \u00e0 la cr\u00e9ation et au bien-\u00eatre par le coloriage th\u00e9rapeutique. D\u00e9couvrez des livres de coloriages uniques alliant designs g\u00e9om\u00e9triques modernes et introspection, con\u00e7us pour stimuler la cr\u00e9ativit\u00e9, favoriser la relaxation et encourager l&#039;expression de soi.\",\"publisher\":{\"@id\":\"https:\\\/\\\/yaracreatyque.fr\\\/#organization\"},\"potentialAction\":[{\"@type\":\"SearchAction\",\"target\":{\"@type\":\"EntryPoint\",\"urlTemplate\":\"https:\\\/\\\/yaracreatyque.fr\\\/?s={search_term_string}\"},\"query-input\":{\"@type\":\"PropertyValueSpecification\",\"valueRequired\":true,\"valueName\":\"search_term_string\"}}],\"inLanguage\":\"fr-FR\"},{\"@type\":\"Organization\",\"@id\":\"https:\\\/\\\/yaracreatyque.fr\\\/#organization\",\"name\":\"Yara Creatyque\",\"url\":\"https:\\\/\\\/yaracreatyque.fr\\\/\",\"logo\":{\"@type\":\"ImageObject\",\"inLanguage\":\"fr-FR\",\"@id\":\"https:\\\/\\\/yaracreatyque.fr\\\/#\\\/schema\\\/logo\\\/image\\\/\",\"url\":\"https:\\\/\\\/i0.wp.com\\\/yaracreatyque.fr\\\/wp-content\\\/uploads\\\/2025\\\/04\\\/cropped-logo-yara-creatyque.png?fit=760%2C100&ssl=1\",\"contentUrl\":\"https:\\\/\\\/i0.wp.com\\\/yaracreatyque.fr\\\/wp-content\\\/uploads\\\/2025\\\/04\\\/cropped-logo-yara-creatyque.png?fit=760%2C100&ssl=1\",\"width\":760,\"height\":100,\"caption\":\"Yara Creatyque\"},\"image\":{\"@id\":\"https:\\\/\\\/yaracreatyque.fr\\\/#\\\/schema\\\/logo\\\/image\\\/\"}}]}<\/script>\n<!-- \/ Yoast SEO plugin. -->","yoast_head_json":{"title":"Me contacter - Entrer en lien avec Yara Creatyque - Je suis \u00e0 votre \u00e9coute","description":"Me contacter pour une question, un retour, une collaboration ? Retrouvez ici un formulaire simple et bienveillant ou mon mail directement.","robots":{"index":"index","follow":"follow","max-snippet":"max-snippet:-1","max-image-preview":"max-image-preview:large","max-video-preview":"max-video-preview:-1"},"canonical":"https:\/\/yaracreatyque.fr\/?page_id=97","og_locale":"fr_FR","og_type":"article","og_title":"Me contacter - Entrer en lien avec Yara Creatyque - Je suis \u00e0 votre \u00e9coute","og_description":"Me contacter pour une question, un retour, une collaboration ? Retrouvez ici un formulaire simple et bienveillant ou mon mail directement.","og_url":"https:\/\/yaracreatyque.fr\/?page_id=97","og_site_name":"Yara Creatyque","article_modified_time":"2026-01-19T19:43:24+00:00","og_image":[{"width":1200,"height":628,"url":"https:\/\/yaracreatyque.fr\/wp-content\/uploads\/2025\/04\/contacter-yara-creatyque.jpg","type":"image\/jpeg"}],"twitter_card":"summary_large_image","twitter_misc":{"Dur\u00e9e de lecture estim\u00e9e":"2 minutes"},"schema":{"@context":"https:\/\/schema.org","@graph":[{"@type":"WebPage","@id":"https:\/\/yaracreatyque.fr\/?page_id=97","url":"https:\/\/yaracreatyque.fr\/?page_id=97","name":"Me contacter - Entrer en lien avec Yara Creatyque - Je suis \u00e0 votre \u00e9coute","isPartOf":{"@id":"https:\/\/yaracreatyque.fr\/#website"},"primaryImageOfPage":{"@id":"https:\/\/yaracreatyque.fr\/?page_id=97#primaryimage"},"image":{"@id":"https:\/\/yaracreatyque.fr\/?page_id=97#primaryimage"},"thumbnailUrl":"https:\/\/i0.wp.com\/yaracreatyque.fr\/wp-content\/uploads\/2025\/04\/contacter-yara-creatyque.jpg?fit=1200%2C628&ssl=1","datePublished":"2025-03-22T18:38:54+00:00","dateModified":"2026-01-19T19:43:24+00:00","description":"Me contacter pour une question, un retour, une collaboration ? Retrouvez ici un formulaire simple et bienveillant ou mon mail directement.","breadcrumb":{"@id":"https:\/\/yaracreatyque.fr\/?page_id=97#breadcrumb"},"inLanguage":"fr-FR","potentialAction":[{"@type":"ReadAction","target":["https:\/\/yaracreatyque.fr\/?page_id=97"]}]},{"@type":"ImageObject","inLanguage":"fr-FR","@id":"https:\/\/yaracreatyque.fr\/?page_id=97#primaryimage","url":"https:\/\/i0.wp.com\/yaracreatyque.fr\/wp-content\/uploads\/2025\/04\/contacter-yara-creatyque.jpg?fit=1200%2C628&ssl=1","contentUrl":"https:\/\/i0.wp.com\/yaracreatyque.fr\/wp-content\/uploads\/2025\/04\/contacter-yara-creatyque.jpg?fit=1200%2C628&ssl=1","width":1200,"height":628,"caption":"Une pr\u00e9sence ouverte pour entrer en lien."},{"@type":"BreadcrumbList","@id":"https:\/\/yaracreatyque.fr\/?page_id=97#breadcrumb","itemListElement":[{"@type":"ListItem","position":1,"name":"Accueil","item":"https:\/\/yaracreatyque.fr\/"},{"@type":"ListItem","position":2,"name":"Me contacter"}]},{"@type":"WebSite","@id":"https:\/\/yaracreatyque.fr\/#website","url":"https:\/\/yaracreatyque.fr\/","name":"Yara Creatyque","description":"Explorez l&#039;art du coloriage g\u00e9om\u00e9trique et introspectif \u00e0 travers un espace d\u00e9di\u00e9 \u00e0 la cr\u00e9ation et au bien-\u00eatre par le coloriage th\u00e9rapeutique. D\u00e9couvrez des livres de coloriages uniques alliant designs g\u00e9om\u00e9triques modernes et introspection, con\u00e7us pour stimuler la cr\u00e9ativit\u00e9, favoriser la relaxation et encourager l&#039;expression de soi.","publisher":{"@id":"https:\/\/yaracreatyque.fr\/#organization"},"potentialAction":[{"@type":"SearchAction","target":{"@type":"EntryPoint","urlTemplate":"https:\/\/yaracreatyque.fr\/?s={search_term_string}"},"query-input":{"@type":"PropertyValueSpecification","valueRequired":true,"valueName":"search_term_string"}}],"inLanguage":"fr-FR"},{"@type":"Organization","@id":"https:\/\/yaracreatyque.fr\/#organization","name":"Yara Creatyque","url":"https:\/\/yaracreatyque.fr\/","logo":{"@type":"ImageObject","inLanguage":"fr-FR","@id":"https:\/\/yaracreatyque.fr\/#\/schema\/logo\/image\/","url":"https:\/\/i0.wp.com\/yaracreatyque.fr\/wp-content\/uploads\/2025\/04\/cropped-logo-yara-creatyque.png?fit=760%2C100&ssl=1","contentUrl":"https:\/\/i0.wp.com\/yaracreatyque.fr\/wp-content\/uploads\/2025\/04\/cropped-logo-yara-creatyque.png?fit=760%2C100&ssl=1","width":760,"height":100,"caption":"Yara Creatyque"},"image":{"@id":"https:\/\/yaracreatyque.fr\/#\/schema\/logo\/image\/"}}]}},"jetpack_likes_enabled":true,"jetpack_sharing_enabled":true,"jetpack_shortlink":"https:\/\/wp.me\/Pgr1n1-1z","jetpack-related-posts":[],"_links":{"self":[{"href":"https:\/\/yaracreatyque.fr\/index.php?rest_route=\/wp\/v2\/pages\/97","targetHints":{"allow":["GET"]}}],"collection":[{"href":"https:\/\/yaracreatyque.fr\/index.php?rest_route=\/wp\/v2\/pages"}],"about":[{"href":"https:\/\/yaracreatyque.fr\/index.php?rest_route=\/wp\/v2\/types\/page"}],"author":[{"embeddable":true,"href":"https:\/\/yaracreatyque.fr\/index.php?rest_route=\/wp\/v2\/users\/263724410"}],"replies":[{"embeddable":true,"href":"https:\/\/yaracreatyque.fr\/index.php?rest_route=%2Fwp%2Fv2%2Fcomments&post=97"}],"version-history":[{"count":31,"href":"https:\/\/yaracreatyque.fr\/index.php?rest_route=\/wp\/v2\/pages\/97\/revisions"}],"predecessor-version":[{"id":3577,"href":"https:\/\/yaracreatyque.fr\/index.php?rest_route=\/wp\/v2\/pages\/97\/revisions\/3577"}],"wp:featuredmedia":[{"embeddable":true,"href":"https:\/\/yaracreatyque.fr\/index.php?rest_route=\/wp\/v2\/media\/1839"}],"wp:attachment":[{"href":"https:\/\/yaracreatyque.fr\/index.php?rest_route=%2Fwp%2Fv2%2Fmedia&parent=97"}],"curies":[{"name":"wp","href":"https:\/\/api.w.org\/{rel}","templated":true}]}}